{"id":49,"date":"2024-07-16T16:30:58","date_gmt":"2024-07-16T20:30:58","guid":{"rendered":"https:\/\/ribamercado.com\/?page_id=49"},"modified":"2024-10-11T09:52:22","modified_gmt":"2024-10-11T13:52:22","slug":"home","status":"publish","type":"page","link":"https:\/\/ribamercado.com\/","title":{"rendered":"Home"},"content":{"rendered":"\t\t<div data-elementor-type=\"wp-page\" data-elementor-id=\"49\" class=\"elementor elementor-49\" data-elementor-post-type=\"page\">\n\t\t\t\t<div class=\"elementor-element elementor-element-be6adef e-con-full e-flex e-con e-parent\" data-id=\"be6adef\" data-element_type=\"container\" data-settings=\"{&quot;background_background&quot;:&quot;classic&quot;,&quot;background_motion_fx_motion_fx_scrolling&quot;:&quot;yes&quot;,&quot;background_motion_fx_devices&quot;:[&quot;desktop&quot;,&quot;tablet&quot;,&quot;mobile&quot;]}\">\n\t\t\t\t<div class=\"elementor-element elementor-element-2db4079 elementor-widget elementor-widget-heading\" data-id=\"2db4079\" data-element_type=\"widget\" data-widget_type=\"heading.default\">\n\t\t\t\t<div class=\"elementor-widget-container\">\n\t\t\t<h1 class=\"elementor-heading-title elementor-size-default\">\u00a1Bienvenidos al iQue Chimba Festival!<\/h1>\t\t<\/div>\n\t\t\t\t<\/div>\n\t\t\t\t<div class=\"elementor-element elementor-element-f64ab10 elementor-widget elementor-widget-heading\" data-id=\"f64ab10\" data-element_type=\"widget\" data-widget_type=\"heading.default\">\n\t\t\t\t<div class=\"elementor-widget-container\">\n\t\t\t<h3 class=\"elementor-heading-title elementor-size-default\">19 de julio de 2025<\/h3>\t\t<\/div>\n\t\t\t\t<\/div>\n\t\t\t\t<div class=\"elementor-element elementor-element-9d4e68a elementor-widget elementor-widget-text-editor\" data-id=\"9d4e68a\" data-element_type=\"widget\" data-widget_type=\"text-editor.default\">\n\t\t\t\t<div class=\"elementor-widget-container\">\n\t\t\t\t\t\t\t<p>El i<strong>Que Chimba Festival\u00ae<\/strong> es el evento musical m\u00e1s esperado del a\u00f1o en Aruba. Ahora se celebrar\u00e1 el <strong>19 de julio de 2025<\/strong>, con el lugar a\u00fan <strong>por confirmar<\/strong>. Si ya tienes tu boleto, \u00a1no te preocupes! <strong>Tu entrada sigue siendo v\u00e1lida<\/strong> para la nueva fecha. \u00danete a nosotros para disfrutar de una noche inolvidable con los ritmos vibrantes de Colombia. Ven y s\u00e9 parte de esta celebraci\u00f3n \u00fanica de m\u00fasica, cultura y diversi\u00f3n. \ud83c\udfb6\u2728<\/p>\t\t\t\t\t\t<\/div>\n\t\t\t\t<\/div>\n\t\t\t\t<div class=\"elementor-element elementor-element-ae69cf8 elementor-align-center elementor-widget elementor-widget-button\" data-id=\"ae69cf8\" data-element_type=\"widget\" data-widget_type=\"button.default\">\n\t\t\t\t<div class=\"elementor-widget-container\">\n\t\t\t\t\t<div class=\"elementor-button-wrapper\">\n\t\t\t<a class=\"elementor-button elementor-button-link elementor-size-sm\" href=\"https:\/\/ribamercado.com\/index.php\/product\/i-que-chimba-festival\/\">\n\t\t\t\t\t\t<span class=\"elementor-button-content-wrapper\">\n\t\t\t\t\t\t\t\t\t<span class=\"elementor-button-text\">Compra Entradas<\/span>\n\t\t\t\t\t<\/span>\n\t\t\t\t\t<\/a>\n\t\t<\/div>\n\t\t\t\t<\/div>\n\t\t\t\t<\/div>\n\t\t\t\t<\/div>\n\t\t<div class=\"elementor-element elementor-element-c51956b e-con-full e-flex e-con e-parent\" data-id=\"c51956b\" data-element_type=\"container\">\n\t\t\t\t<div class=\"elementor-element elementor-element-fe385cd elementor-widget elementor-widget-text-editor\" data-id=\"fe385cd\" data-element_type=\"widget\" data-widget_type=\"text-editor.default\">\n\t\t\t\t<div class=\"elementor-widget-container\">\n\t\t\t\t\t\t\t<h3 style=\"font-style: normal; text-align: center;\">Artistas\u00a0Destacados<\/h3><h4 style=\"font-style: normal; text-align: center;\">Jhonny Rivera:<\/h4><p style=\"font-size: 16px; font-style: normal; font-weight: 400; text-align: center;\">La s\u00faper estrella de Colombia, conocido por sus \u00e9xitos en Vallenato y M\u00fasica Popular. Sus canciones han tocado corazones y su presencia en el escenario es simplemente electrizante.<\/p><h4 style=\"font-style: normal; text-align: center;\">Karen Lizarazo:<\/h4><p style=\"font-size: 16px; font-style: normal; font-weight: 400; text-align: center;\">La voz femenina que est\u00e1 conquistando el Vallenato. Con su carisma y talento, Karen promete una actuaci\u00f3n que te dejar\u00e1 sin aliento.<\/p><h4 style=\"font-style: normal; text-align: center;\">Jay M y Teo:<\/h4><p style=\"font-size: 16px; font-style: normal; font-weight: 400; text-align: center;\">Los nuevos y emocionantes talentos del Reggaet\u00f3n. Prep\u00e1rate para bailar al ritmo de sus pegajosos hits.<\/p><h4 style=\"font-style: normal; text-align: center;\">DJ Nina Caballero:<\/h4><p style=\"font-size: 16px; font-style: normal; font-weight: 400; text-align: center;\">Directamente desde Bogot\u00e1, DJ Nina Caballero traer\u00e1 sus mejores mezclas para mantener la fiesta viva toda la noche.<\/p><h3><span style=\"font-weight: bold; font-style: inherit; color: var( --e-global-color-text ); font-family: var( --e-global-typography-text-font-family ), Sans-serif; text-align: var(--text-align); background-color: var(--ast-global-color-5);\">Informaci\u00f3n de Entrada<\/span><\/h3><p style=\"font-size: 16px; font-style: normal; font-weight: 400; text-align: center;\">No esperes hasta el \u00faltimo minuto. Las entradas para el &#8220;iQue Chimba Festival<span style=\"font-weight: bold; font-size: 1rem; font-style: inherit; color: var( --e-global-color-text ); font-family: var( --e-global-typography-text-font-family ), Sans-serif; text-align: var(--text-align); background-color: var(--ast-global-color-5);\">\u00ae<\/span><span style=\"font-size: 1rem; font-style: inherit; font-weight: inherit; color: var( --e-global-color-text ); font-family: var( --e-global-typography-text-font-family ), Sans-serif; text-align: var(--text-align); background-color: var(--ast-global-color-5);\">&#8221;\u00a0 ya est\u00e1n disponibles en<\/span><span style=\"font-size: 1rem; font-style: inherit; font-weight: inherit; color: var( --e-global-color-text ); font-family: var( --e-global-typography-text-font-family ), Sans-serif; text-align: var(--text-align); background-color: var(--ast-global-color-5);\"><strong>\u00a0www.<\/strong><span style=\"font-weight: bold;\">RibaMercado.com<\/span>,\u00a0<span style=\"font-weight: bold;\">Pay.aw<\/span>,\u00a0<span style=\"font-weight: bold;\">Don Jancitos<\/span>,\u00a0<span style=\"font-weight: bold;\">Manuelito<\/span>,\u00a0<span style=\"font-weight: bold;\">Gallo Rojo<\/span>,\u00a0<span style=\"font-weight: bold;\">Hamaka sidewalk Cafe<\/span>. Asegura tu lugar en el evento musical del a\u00f1o.<\/span><\/p>\t\t\t\t\t\t<\/div>\n\t\t\t\t<\/div>\n\t\t\t\t<div class=\"elementor-element elementor-element-2756960 elementor-widget elementor-widget-text-editor\" data-id=\"2756960\" data-element_type=\"widget\" data-widget_type=\"text-editor.default\">\n\t\t\t\t<div class=\"elementor-widget-container\">\n\t\t\t\t\t\t\t<h3><strong>Merchandising Oficial:<\/strong><\/h3><h4><strong>Camisetas:<\/strong><\/h4><p>Lleva contigo un recuerdo inolvidable del festival con nuestra exclusiva camiseta oficial. Disponibles en varios colores: <strong>Negro, Blanco, Amarillo, Rojo y Azul<\/strong>. Confeccionadas en 100% algod\u00f3n suave y transpirable. \u00a1Perfectas para cualquier ocasi\u00f3n!<\/p><ul><li><strong>Precio:<\/strong> AWG 35,-<\/li><\/ul><div><h4><strong>Compra Anticipada de Camisetas y Gorras:<\/strong><\/h4><p>\u00a1Aprovecha la oportunidad de precomprar tu camiseta y gorra antes del evento! Las cantidades son limitadas, as\u00ed que no esperes m\u00e1s. Precomprar no solo asegura que tengas tu recuerdo del festival, sino que tambi\u00e9n te ahorra tiempo el d\u00eda del evento.<\/p><p>1.Visita RibaMercado.com<\/p><p>2.Selecciona tu talla y color preferido<\/p><p>3.Realiza tu compra en l\u00ednea y guarda el comprobante<\/p><p>4.Recoge tu camiseta y gorra el d\u00eda del evento en nuestro stand oficial<\/p><\/div>\t\t\t\t\t\t<\/div>\n\t\t\t\t<\/div>\n\t\t\t\t<div class=\"elementor-element elementor-element-a11483f elementor-align-justify elementor-widget elementor-widget-button\" data-id=\"a11483f\" data-element_type=\"widget\" data-widget_type=\"button.default\">\n\t\t\t\t<div class=\"elementor-widget-container\">\n\t\t\t\t\t<div class=\"elementor-button-wrapper\">\n\t\t\t<a class=\"elementor-button elementor-button-link elementor-size-sm\" href=\"#\">\n\t\t\t\t\t\t<span class=\"elementor-button-content-wrapper\">\n\t\t\t\t\t\t\t\t\t<span class=\"elementor-button-text\">COMING SOON<\/span>\n\t\t\t\t\t<\/span>\n\t\t\t\t\t<\/a>\n\t\t<\/div>\n\t\t\t\t<\/div>\n\t\t\t\t<\/div>\n\t\t\t\t<\/div>\n\t\t<div class=\"elementor-element elementor-element-c772bcd e-grid e-con-full e-con e-parent\" data-id=\"c772bcd\" data-element_type=\"container\">\n\t\t\t\t<div class=\"elementor-element elementor-element-5c6c0c5 elementor-widget elementor-widget-text-editor\" data-id=\"5c6c0c5\" data-element_type=\"widget\" data-widget_type=\"text-editor.default\">\n\t\t\t\t<div class=\"elementor-widget-container\">\n\t\t\t\t\t\t\t<h3 style=\"font-style: normal;\">Preventa de Old Parr:<\/h3><p style=\"font-size: 16px; font-style: normal; font-weight: 400;\">\u00a1No solo podr\u00e1s disfrutar de la mejor m\u00fasica, sino tambi\u00e9n de la mejor bebida! La preventa de Old Parr est\u00e1 disponible a un precio especial de\u00a0<span style=\"font-weight: bold;\">AWG 195,-<\/span>. Durante el concierto, el precio ser\u00e1 mucho m\u00e1s alto, as\u00ed que aprovecha esta oferta exclusiva.<\/p>\t\t\t\t\t\t<\/div>\n\t\t\t\t<\/div>\n\t\t\t\t<div class=\"elementor-element elementor-element-079037e elementor-widget elementor-widget-image\" data-id=\"079037e\" data-element_type=\"widget\" data-widget_type=\"image.default\">\n\t\t\t\t<div class=\"elementor-widget-container\">\n\t\t\t\t\t\t\t\t\t\t\t\t\t<img decoding=\"async\" width=\"150\" height=\"150\" src=\"https:\/\/ribamercado.com\/wp-content\/uploads\/2024\/07\/Old-Parr-12-Bottle-F22-Q4-Social-Asset-1-150x150.webp\" class=\"attachment-thumbnail size-thumbnail wp-image-66\" alt=\"\" srcset=\"https:\/\/ribamercado.com\/wp-content\/uploads\/2024\/07\/Old-Parr-12-Bottle-F22-Q4-Social-Asset-1-150x150.webp 150w, https:\/\/ribamercado.com\/wp-content\/uploads\/2024\/07\/Old-Parr-12-Bottle-F22-Q4-Social-Asset-1-300x300.webp 300w, https:\/\/ribamercado.com\/wp-content\/uploads\/2024\/07\/Old-Parr-12-Bottle-F22-Q4-Social-Asset-1-100x100.webp 100w\" sizes=\"(max-width: 150px) 100vw, 150px\" \/>\t\t\t\t\t\t\t\t\t\t\t\t\t<\/div>\n\t\t\t\t<\/div>\n\t\t\t\t<\/div>\n\t\t<div class=\"elementor-element elementor-element-887bc30 e-con-full e-flex e-con e-parent\" data-id=\"887bc30\" data-element_type=\"container\">\n\t\t\t\t<div class=\"elementor-element elementor-element-9849cc7 elementor-align-justify elementor-widget elementor-widget-button\" data-id=\"9849cc7\" data-element_type=\"widget\" data-widget_type=\"button.default\">\n\t\t\t\t<div class=\"elementor-widget-container\">\n\t\t\t\t\t<div class=\"elementor-button-wrapper\">\n\t\t\t<a class=\"elementor-button elementor-button-link elementor-size-sm\" href=\"https:\/\/ribamercado.com\/index.php\/product\/old-parr\/\">\n\t\t\t\t\t\t<span class=\"elementor-button-content-wrapper\">\n\t\t\t\t\t\t\t\t\t<span class=\"elementor-button-text\">Compra Old Parr<\/span>\n\t\t\t\t\t<\/span>\n\t\t\t\t\t<\/a>\n\t\t<\/div>\n\t\t\t\t<\/div>\n\t\t\t\t<\/div>\n\t\t\t\t<\/div>\n\t\t<div class=\"elementor-element elementor-element-8bcdbc3 e-grid e-con-boxed e-con e-parent\" data-id=\"8bcdbc3\" data-element_type=\"container\">\n\t\t\t\t\t<div class=\"e-con-inner\">\n\t\t\t\t<div class=\"elementor-element elementor-element-a06efdc elementor-widget elementor-widget-text-editor\" data-id=\"a06efdc\" data-element_type=\"widget\" data-widget_type=\"text-editor.default\">\n\t\t\t\t<div class=\"elementor-widget-container\">\n\t\t\t\t\t\t\t<h3><strong>Detalles del Evento:<\/strong><\/h3>\n<p>\ud83d\udcc5&nbsp;<strong>Fecha:<\/strong>&nbsp;l 19 de julio 2025 en ubicacio&nbsp;<br>\ud83d\udccd&nbsp;<strong>Lugar:<\/strong>&nbsp;a\u00fan&nbsp;<span style=\"font-weight: 700;\">por confirmar<\/span><br>\ud83d\udd52&nbsp;<strong>Hora:<\/strong>&nbsp;Las puertas abrir\u00e1n a las 7:00pm<\/p>\n<hr>\n<h3><strong>Contacto:<\/strong><\/h3>\n<p>Si tienes alguna pregunta o necesitas asistencia adicional, no dudes en contactarnos a trav\u00e9s de info@ribamercado.com o Whats-app +297 7378787<\/p>\t\t\t\t\t\t<\/div>\n\t\t\t\t<\/div>\n\t\t\t\t\t<\/div>\n\t\t\t\t<\/div>\n\t\t\t\t<\/div>\n\t\t","protected":false},"excerpt":{"rendered":"<p>\u00a1Bienvenidos al iQue Chimba Festival! 19 de julio de 2025 El iQue Chimba Festival\u00ae es el evento musical m\u00e1s esperado [&hellip;]<\/p>\n","protected":false},"author":1,"featured_media":0,"parent":0,"menu_order":0,"comment_status":"closed","ping_status":"closed","template":"","meta":{"site-sidebar-layout":"no-sidebar","site-content-layout":"","ast-site-content-layout":"full-width-container","site-content-style":"default","site-sidebar-style":"default","ast-global-header-display":"","ast-banner-title-visibility":"","ast-main-header-display":"","ast-hfb-above-header-display":"","ast-hfb-below-header-display":"","ast-hfb-mobile-header-display":"","site-post-title":"disabled","ast-breadcrumbs-content":"","ast-featured-img":"disabled","footer-sml-layout":"","theme-transparent-header-meta":"","adv-header-id-meta":"","stick-header-meta":"","header-above-stick-meta":"","header-main-stick-meta":"","header-below-stick-meta":"","astra-migrate-meta-layouts":"default","ast-page-background-enabled":"default","ast-page-background-meta":{"desktop":{"background-color":"var(--ast-global-color-4)","background-image":"","background-repeat":"repeat","background-position":"center center","background-size":"auto","background-attachment":"scroll","background-type":"","background-media":"","overlay-type":"","overlay-color":"","overlay-opacity":"","overlay-gradient":""},"tablet":{"background-color":"","background-image":"","background-repeat":"repeat","background-position":"center center","background-size":"auto","background-attachment":"scroll","background-type":"","background-media":"","overlay-type":"","overlay-color":"","overlay-opacity":"","overlay-gradient":""},"mobile":{"background-color":"","background-image":"","background-repeat":"repeat","background-position":"center center","background-size":"auto","background-attachment":"scroll","background-type":"","background-media":"","overlay-type":"","overlay-color":"","overlay-opacity":"","overlay-gradient":""}},"ast-content-background-meta":{"desktop":{"background-color":"var(--ast-global-color-5)","background-image":"","background-repeat":"repeat","background-position":"center center","background-size":"auto","background-attachment":"scroll","background-type":"","background-media":"","overlay-type":"","overlay-color":"","overlay-opacity":"","overlay-gradient":""},"tablet":{"background-color":"var(--ast-global-color-5)","background-image":"","background-repeat":"repeat","background-position":"center center","background-size":"auto","background-attachment":"scroll","background-type":"","background-media":"","overlay-type":"","overlay-color":"","overlay-opacity":"","overlay-gradient":""},"mobile":{"background-color":"var(--ast-global-color-5)","background-image":"","background-repeat":"repeat","background-position":"center center","background-size":"auto","background-attachment":"scroll","background-type":"","background-media":"","overlay-type":"","overlay-color":"","overlay-opacity":"","overlay-gradient":""}},"footnotes":""},"class_list":["post-49","page","type-page","status-publish","hentry"],"jetpack_sharing_enabled":true,"_links":{"self":[{"href":"https:\/\/ribamercado.com\/index.php\/wp-json\/wp\/v2\/pages\/49","targetHints":{"allow":["GET"]}}],"collection":[{"href":"https:\/\/ribamercado.com\/index.php\/wp-json\/wp\/v2\/pages"}],"about":[{"href":"https:\/\/ribamercado.com\/index.php\/wp-json\/wp\/v2\/types\/page"}],"author":[{"embeddable":true,"href":"https:\/\/ribamercado.com\/index.php\/wp-json\/wp\/v2\/users\/1"}],"replies":[{"embeddable":true,"href":"https:\/\/ribamercado.com\/index.php\/wp-json\/wp\/v2\/comments?post=49"}],"version-history":[{"count":37,"href":"https:\/\/ribamercado.com\/index.php\/wp-json\/wp\/v2\/pages\/49\/revisions"}],"predecessor-version":[{"id":2064,"href":"https:\/\/ribamercado.com\/index.php\/wp-json\/wp\/v2\/pages\/49\/revisions\/2064"}],"wp:attachment":[{"href":"https:\/\/ribamercado.com\/index.php\/wp-json\/wp\/v2\/media?parent=49"}],"curies":[{"name":"wp","href":"https:\/\/api.w.org\/{rel}","templated":true}]}}