{"id":27,"date":"2024-07-10T09:00:40","date_gmt":"2024-07-10T13:00:40","guid":{"rendered":"https:\/\/ribamercado.com\/?post_type=product&#038;p=27"},"modified":"2024-10-11T09:50:24","modified_gmt":"2024-10-11T13:50:24","slug":"i-que-chimba-festival","status":"publish","type":"product","link":"https:\/\/ribamercado.com\/index.php\/product\/i-que-chimba-festival\/","title":{"rendered":"iQue Chimba Festival\u00ae"},"content":{"rendered":"<div class=\"flex flex-grow flex-col max-w-full\">\n<div class=\"min-h-[20px] text-message flex flex-col items-start whitespace-pre-wrap break-words [.text-message+&amp;]:mt-5 juice:w-full juice:items-end overflow-x-auto gap-2\" dir=\"auto\" data-message-author-role=\"assistant\" data-message-id=\"53b00eea-3792-4521-a3f9-743e402a8bce\">\n<div class=\"flex w-full flex-col gap-1 juice:empty:hidden juice:first:pt-[3px]\">\n<div class=\"markdown prose w-full break-words dark:prose-invert light\">\n<h3><strong>\u00a1&#8221;iQue Chimba Festival\u00ae&#8221; en Aruba!<\/strong><\/h3>\n<p>\u00a1Prep\u00e1rate para una noche inolvidable de m\u00fasica y celebraci\u00f3n en el &#8221; iQue Chimba Festival\u00ae&#8221;! Este evento \u00fanico trae lo mejor del Vallenato y Reggaet\u00f3n colombiano a Aruba por primera vez. Disfruta de actuaciones en vivo de artistas destacados como Jhonny Rivera, la s\u00faper estrella del Vallenato y M\u00fasica Popular; Karen Lizarazo, la estrella en ascenso del Vallenato colombiano; y Jay M y Teo, los nuevos y emocionantes talentos del Reggaet\u00f3n. Vive la vibrante energ\u00eda de estos g\u00e9neros musicales en un entorno \u00edntimo y hermoso en Villa Floralina. No te pierdas esta oportunidad \u00fanica de bailar, cantar y crear recuerdos inolvidables. Las entradas ya est\u00e1n disponibles en <a href=\"http:\/\/www.ribamercado.com\" target=\"_new\" rel=\"noreferrer noopener\">www.ribamercado.com,<\/a> Pay.aw, Gallo Rojo, Manuelitos, Don Jacinto, Hamaka Sidewalk Cafe.<\/p>\n<h4><strong>Detalles del Evento:<\/strong><\/h4>\n<ul>\n<li><strong>Fecha:<\/strong> 19 de julio de 2025<\/li>\n<li><strong>Lugar:<\/strong> a\u00fan <strong>por confirmar<\/strong><\/li>\n<\/ul>\n<h4><strong>Artistas Invitados:<\/strong><\/h4>\n<ul>\n<li>\ud83c\udfa4 <strong>Jhonny Rivera<\/strong> &#8211; La s\u00faper estrella del\u00a0 M\u00fasica Popular.<\/li>\n<li>\ud83c\udfa4 <strong>Karen Lizarazo<\/strong> &#8211; La estrella en ascenso del Vallenato colombiano.<\/li>\n<li>\ud83c\udfa4 <strong>Jay M y Teo<\/strong> &#8211; Los nuevos y emocionantes talentos del Reggaet\u00f3n.<\/li>\n<li>\ud83c\udfa7 <strong>DJ Nina Caballero<\/strong> &#8211; Directamente desde Bogot\u00e1, lista para encender la noche con sus mejores mezclas.<\/li>\n<\/ul>\n<h4><strong>Momentos Destacados del Evento:<\/strong><\/h4>\n<ul>\n<li>Disfruta de los vibrantes sonidos del Vallenato y Reggaet\u00f3n.<\/li>\n<li>Vive actuaciones de los mejores artistas en un lugar \u00edntimo y hermoso.<\/li>\n<li>\u00danete a otros amantes de la m\u00fasica para una noche de baile, canto y recuerdos inolvidables.<\/li>\n<\/ul>\n<h4><strong>Entradas:<\/strong><\/h4>\n<p>Las entradas ya est\u00e1n disponibles. No te pierdas esta experiencia musical \u00fanica. \u00a1Consigue tus entradas hoy mismo y s\u00e9 parte del &#8220;iQue Chimba Festival\u00ae&#8221;!<\/p>\n<p>Visita www.ribamercado.com para m\u00e1s informaci\u00f3n y compra de boletos. Te esperamos\u00a0 el 19 de julio para una noche incre\u00edble de m\u00fasica y diversi\u00f3n. \u00a1No te lo pierdas!<\/p>\n<p>\u00a1Corre la voz y \u00fanete a la fiesta m\u00e1s grande de Aruba!<\/p>\n<p><a href=\"https:\/\/ribamercado.com\/index.php\/terms-and-conditions-for-concert-tickets\/\">Pol\u00edtica y Condiciones General del concierto<\/a><\/p>\n<p>&nbsp;<\/p>\n<\/div>\n<\/div>\n<\/div>\n<\/div>\n","protected":false},"excerpt":{"rendered":"<p><strong>\u00a1 iQue Chimba Festival\u00ae: Una Celebraci\u00f3n de la M\u00fasica Colombiana en Aruba!<\/strong><\/p>\n<p><strong>Fecha:<\/strong> 19 de julio 2025<br \/>\n<strong>Lugar:<\/strong> a\u00fan <strong>por confirmar<\/strong><\/p>\n<p>\u00a1Prep\u00e1rate para una noche inolvidable llena de los vibrantes sonidos de la m\u00fasica colombiana en el\u00a0 iQue Chimba Festival\u00ae! Esta es una oportunidad \u00fanica para disfrutar del aut\u00e9ntico Vallenato y Corrido en el coraz\u00f3n de Aruba.<\/p>\n<p><strong>Con la participaci\u00f3n de:<\/strong><\/p>\n<ul>\n<li><b>\ud83c\udfa4 <strong>Jhonny Rivera<\/strong> &#8211; La s\u00faper estrella del M\u00fasica Popular. <\/b><\/li>\n<li><b>\ud83c\udfa4 <strong>Karen Lizarazo<\/strong> &#8211; La estrella en ascenso del Vallenato colombiano. <\/b><\/li>\n<li><b>\ud83c\udfa4 <strong>Jay M y Teo<\/strong> &#8211; Los nuevos y emocionantes talentos del Reggaet\u00f3n.<\/b><\/li>\n<li><b>\ud83c\udfa7 <strong>DJ Nina Caballero<\/strong> &#8211; Directamente desde Bogot\u00e1, lista para encender la noche con sus mejores mezclas.<\/b><\/li>\n<\/ul>\n<p><strong>Entradas:<\/strong> \u00a1Disponibles ahora! Consigue la tuya antes de que se agoten.<\/p>\n<p><strong>\u00a1No te pierdas este incre\u00edble evento!<\/strong><\/p>\n<p><a href=\"https:\/\/ribamercado.com\/index.php\/terms-and-conditions-for-concert-tickets\/\">Pol\u00edtica y Condiciones General del concierto<\/a><\/p>\n","protected":false},"author":1,"featured_media":571,"template":"","meta":{"site-sidebar-layout":"no-sidebar","site-content-layout":"","ast-site-content-layout":"full-width-container","site-content-style":"default","site-sidebar-style":"default","ast-global-header-display":"","ast-banner-title-visibility":"","ast-main-header-display":"","ast-hfb-above-header-display":"","ast-hfb-below-header-display":"","ast-hfb-mobile-header-display":"","site-post-title":"","ast-breadcrumbs-content":"","ast-featured-img":"","footer-sml-layout":"","theme-transparent-header-meta":"default","adv-header-id-meta":"","stick-header-meta":"","header-above-stick-meta":"","header-main-stick-meta":"","header-below-stick-meta":"","astra-migrate-meta-layouts":"set","ast-page-background-enabled":"default","ast-page-background-meta":{"desktop":{"background-color":"var(--ast-global-color-4)","background-image":"","background-repeat":"repeat","background-position":"center center","background-size":"auto","background-attachment":"scroll","background-type":"","background-media":"","overlay-type":"","overlay-color":"","overlay-opacity":"","overlay-gradient":""},"tablet":{"background-color":"","background-image":"","background-repeat":"repeat","background-position":"center center","background-size":"auto","background-attachment":"scroll","background-type":"","background-media":"","overlay-type":"","overlay-color":"","overlay-opacity":"","overlay-gradient":""},"mobile":{"background-color":"","background-image":"","background-repeat":"repeat","background-position":"center center","background-size":"auto","background-attachment":"scroll","background-type":"","background-media":"","overlay-type":"","overlay-color":"","overlay-opacity":"","overlay-gradient":""}},"ast-content-background-meta":{"desktop":{"background-color":"var(--ast-global-color-5)","background-image":"","background-repeat":"repeat","background-position":"center center","background-size":"auto","background-attachment":"scroll","background-type":"","background-media":"","overlay-type":"","overlay-color":"","overlay-opacity":"","overlay-gradient":""},"tablet":{"background-color":"var(--ast-global-color-5)","background-image":"","background-repeat":"repeat","background-position":"center center","background-size":"auto","background-attachment":"scroll","background-type":"","background-media":"","overlay-type":"","overlay-color":"","overlay-opacity":"","overlay-gradient":""},"mobile":{"background-color":"var(--ast-global-color-5)","background-image":"","background-repeat":"repeat","background-position":"center center","background-size":"auto","background-attachment":"scroll","background-type":"","background-media":"","overlay-type":"","overlay-color":"","overlay-opacity":"","overlay-gradient":""}}},"product_cat":[19],"product_tag":[17,16],"class_list":{"0":"post-27","1":"product","2":"type-product","3":"status-publish","4":"has-post-thumbnail","6":"product_cat-concert","7":"product_tag-colombia","8":"product_tag-festival","9":"desktop-align-left","10":"tablet-align-left","11":"mobile-align-left","13":"first","14":"instock","15":"product-type-variable","16":"has-default-attributes"},"jetpack_sharing_enabled":true,"_links":{"self":[{"href":"https:\/\/ribamercado.com\/index.php\/wp-json\/wp\/v2\/product\/27","targetHints":{"allow":["GET"]}}],"collection":[{"href":"https:\/\/ribamercado.com\/index.php\/wp-json\/wp\/v2\/product"}],"about":[{"href":"https:\/\/ribamercado.com\/index.php\/wp-json\/wp\/v2\/types\/product"}],"author":[{"embeddable":true,"href":"https:\/\/ribamercado.com\/index.php\/wp-json\/wp\/v2\/users\/1"}],"wp:featuredmedia":[{"embeddable":true,"href":"https:\/\/ribamercado.com\/index.php\/wp-json\/wp\/v2\/media\/571"}],"wp:attachment":[{"href":"https:\/\/ribamercado.com\/index.php\/wp-json\/wp\/v2\/media?parent=27"}],"wp:term":[{"taxonomy":"product_cat","embeddable":true,"href":"https:\/\/ribamercado.com\/index.php\/wp-json\/wp\/v2\/product_cat?post=27"},{"taxonomy":"product_tag","embeddable":true,"href":"https:\/\/ribamercado.com\/index.php\/wp-json\/wp\/v2\/product_tag?post=27"}],"curies":[{"name":"wp","href":"https:\/\/api.w.org\/{rel}","templated":true}]}}